{"id":37,"date":"2015-06-16T19:33:44","date_gmt":"2015-06-16T17:33:44","guid":{"rendered":"http:\/\/thalienco.com\/?page_id=37"},"modified":"2026-01-26T21:38:45","modified_gmt":"2026-01-26T19:38:45","slug":"hommage-a-michel-tonnerre","status":"publish","type":"page","link":"https:\/\/thalienco.com\/index.php\/hommage-a-michel-tonnerre\/","title":{"rendered":"Thalie chante  Michel Tonnerre"},"content":{"rendered":"<div class=\"wp-block-image\">\n<figure class=\"aligncenter size-full\"><img loading=\"lazy\" decoding=\"async\" width=\"595\" height=\"841\" src=\"https:\/\/thalienco.com\/wp-content\/uploads\/2026\/01\/Thalie-and-Co-2026.jpg\" alt=\"\" class=\"wp-image-1588\" srcset=\"https:\/\/thalienco.com\/wp-content\/uploads\/2026\/01\/Thalie-and-Co-2026.jpg 595w, https:\/\/thalienco.com\/wp-content\/uploads\/2026\/01\/Thalie-and-Co-2026-212x300.jpg 212w\" sizes=\"auto, (max-width: 595px) 100vw, 595px\" \/><\/figure><\/div>\n\n<p style=\"text-align: center;\">\n<p style=\"text-align: center;\">\n<p style=\"text-align: center;\">\n<p style=\"text-align: center;\">\n<p style=\"text-align: center;\">\n<p style=\"text-align: center;\"><a href=\"https:\/\/thalienco.com\/wp-content\/uploads\/2015\/07\/Ouest-France-2-e1437228933825.jpg\"><img loading=\"lazy\" decoding=\"async\" class=\" wp-image-538 size-large alignright\" src=\"https:\/\/thalienco.com\/wp-content\/uploads\/2015\/07\/Ouest-France-2-791x1024.jpg\" alt=\"Ouest France 2\" width=\"474\" height=\"614\" \/><\/a>Le Gabier Noir<\/p>\n<!--[if lt IE 9]><script>document.createElement('audio');<\/script><![endif]-->\n<audio class=\"wp-audio-shortcode\" id=\"audio-37-1\" preload=\"none\" style=\"width: 100%;\" controls=\"controls\"><source type=\"audio\/wav\" src=\"https:\/\/thalienco.com\/wp-content\/uploads\/2019\/09\/01-THALIE-AND-CO-LE-GABIER-NOIR.wav?_=1\" \/><a href=\"https:\/\/thalienco.com\/wp-content\/uploads\/2019\/09\/01-THALIE-AND-CO-LE-GABIER-NOIR.wav\">https:\/\/thalienco.com\/wp-content\/uploads\/2019\/09\/01-THALIE-AND-CO-LE-GABIER-NOIR.wav<\/a><\/audio>\n<p style=\"text-align: center;\"><a href=\"https:\/\/thalienco.com\/wp-content\/uploads\/2015\/07\/Thalie-embarque-dans-les-mots-de-M.-Tonnerre-e1439195938536.jpg\"><img loading=\"lazy\" decoding=\"async\" class=\"alignnone wp-image-551 size-large\" src=\"https:\/\/thalienco.com\/wp-content\/uploads\/2015\/07\/Thalie-embarque-dans-les-mots-de-M.-Tonnerre-918x1024.jpg\" alt=\"Thalie embarque dans les mots de M. Tonnerre\" width=\"474\" height=\"529\" \/><\/a><\/p>\n<p style=\"text-align: center;\"><strong><a href=\"https:\/\/thalienco.com\/wp-content\/uploads\/2015\/06\/affiche_route_19_a3_avec_partenaires.jpg\">Sillon de Talbert<\/a><\/strong><\/p>\n<audio class=\"wp-audio-shortcode\" id=\"audio-37-2\" preload=\"none\" style=\"width: 100%;\" controls=\"controls\"><source type=\"audio\/wav\" src=\"https:\/\/thalienco.com\/wp-content\/uploads\/2015\/06\/Sillon-de-Talbert-Thalie-NCo.wav?_=2\" \/><a href=\"https:\/\/thalienco.com\/wp-content\/uploads\/2015\/06\/Sillon-de-Talbert-Thalie-NCo.wav\">https:\/\/thalienco.com\/wp-content\/uploads\/2015\/06\/Sillon-de-Talbert-Thalie-NCo.wav<\/a><\/audio>\n<p style=\"text-align: center;\">Sovereign of the Sea &#8211; Live Paimpol<\/p>\n<div style=\"width: 474px;\" class=\"wp-video\"><!--[if lt IE 9]><script>document.createElement('video');<\/script><![endif]-->\n<video class=\"wp-video-shortcode\" id=\"video-37-1\" width=\"474\" height=\"296\" poster=\"https:\/\/thalienco.com\/wp-content\/uploads\/2019\/09\/Audierne-2-Large-m4v-image.jpg\" preload=\"metadata\" controls=\"controls\"><source type=\"video\/mp4\" src=\"https:\/\/thalienco.com\/wp-content\/uploads\/2019\/09\/Audierne-2-Large.m4v?_=1\" \/><a href=\"https:\/\/thalienco.com\/wp-content\/uploads\/2019\/09\/Audierne-2-Large.m4v\">https:\/\/thalienco.com\/wp-content\/uploads\/2019\/09\/Audierne-2-Large.m4v<\/a><\/video><\/div>\n<p style=\"text-align: center;\">C&rsquo;est la Mer &#8211; Live Paimpol<\/p>\n<p>&nbsp;<\/p>\n<div style=\"width: 474px;\" class=\"wp-video\"><video class=\"wp-video-shortcode\" id=\"video-37-2\" width=\"474\" height=\"296\" poster=\"https:\/\/thalienco.com\/wp-content\/uploads\/2019\/09\/Cest-la-mer-Large-m4v-image.jpg\" preload=\"metadata\" controls=\"controls\"><source type=\"video\/mp4\" src=\"https:\/\/thalienco.com\/wp-content\/uploads\/2019\/09\/Cest-la-mer-Large.m4v?_=2\" \/><a href=\"https:\/\/thalienco.com\/wp-content\/uploads\/2019\/09\/Cest-la-mer-Large.m4v\">https:\/\/thalienco.com\/wp-content\/uploads\/2019\/09\/Cest-la-mer-Large.m4v<\/a><\/video><\/div>\n<p style=\"text-align: center;\"><strong><a href=\"https:\/\/thalienco.com\/wp-content\/uploads\/2015\/06\/affiche_route_19_a3_avec_partenaires.jpg\"><img loading=\"lazy\" decoding=\"async\" class=\"alignnone size-medium wp-image-1097\" src=\"https:\/\/thalienco.com\/wp-content\/uploads\/2015\/06\/affiche_route_19_a3_avec_partenaires-212x300.jpg\" alt=\"affiche_route_19_a3_avec_partenaires\" width=\"212\" height=\"300\" srcset=\"https:\/\/thalienco.com\/wp-content\/uploads\/2015\/06\/affiche_route_19_a3_avec_partenaires-212x300.jpg 212w, https:\/\/thalienco.com\/wp-content\/uploads\/2015\/06\/affiche_route_19_a3_avec_partenaires-724x1024.jpg 724w, https:\/\/thalienco.com\/wp-content\/uploads\/2015\/06\/affiche_route_19_a3_avec_partenaires.jpg 849w\" sizes=\"auto, (max-width: 212px) 100vw, 212px\" \/><\/a><\/strong><\/p>\n<p style=\"text-align: center;\">Avec l&rsquo;Equipage Tonnerre le 27 Juillet \u00e0 Audiernes<\/p>\n<p style=\"text-align: center;\"><a href=\"https:\/\/thalienco.com\/wp-content\/uploads\/2015\/06\/Affiche-Paimpol.jpg\"><img loading=\"lazy\" decoding=\"async\" class=\"alignnone size-full wp-image-1100\" src=\"https:\/\/thalienco.com\/wp-content\/uploads\/2015\/06\/Affiche-Paimpol.jpg\" alt=\"Affiche Paimpol\" width=\"183\" height=\"275\" \/><\/a><\/p>\n<p style=\"text-align: center;\">Le Vendredi 2 Ao\u00fbt au Festival de Paimpol -Thalie N&rsquo;Co<\/p>\n<p style=\"text-align: center;\">Sc\u00e8ne Michel Pinc &#8211; 15h<\/p>\n<p style=\"text-align: center;\"><a href=\"https:\/\/thalienco.com\/wp-content\/uploads\/2015\/06\/65300582_440895549792562_3088989643773837312_o-1.jpg\"><img loading=\"lazy\" decoding=\"async\" class=\"alignnone size-medium wp-image-1101\" src=\"https:\/\/thalienco.com\/wp-content\/uploads\/2015\/06\/65300582_440895549792562_3088989643773837312_o-1-213x300.jpg\" alt=\"65300582_440895549792562_3088989643773837312_o-1\" width=\"213\" height=\"300\" srcset=\"https:\/\/thalienco.com\/wp-content\/uploads\/2015\/06\/65300582_440895549792562_3088989643773837312_o-1-213x300.jpg 213w, https:\/\/thalienco.com\/wp-content\/uploads\/2015\/06\/65300582_440895549792562_3088989643773837312_o-1-728x1024.jpg 728w, https:\/\/thalienco.com\/wp-content\/uploads\/2015\/06\/65300582_440895549792562_3088989643773837312_o-1.jpg 735w\" sizes=\"auto, (max-width: 213px) 100vw, 213px\" \/><\/a><\/p>\n<p style=\"text-align: center;\">Festival La Barre en Port\u00e9e &#8211; Etel &#8211; le 17 Ao\u00fbt\u00a0 \u00e0 18h &#8211;<\/p>\n<p style=\"text-align: center;\"><a href=\"https:\/\/thalienco.com\/wp-content\/uploads\/2015\/06\/Affiche-Tomahawk.jpg\"><img loading=\"lazy\" decoding=\"async\" class=\"alignnone size-medium wp-image-1102\" src=\"https:\/\/thalienco.com\/wp-content\/uploads\/2015\/06\/Affiche-Tomahawk-300x114.jpg\" alt=\"Affiche Tomahawk\" width=\"300\" height=\"114\" srcset=\"https:\/\/thalienco.com\/wp-content\/uploads\/2015\/06\/Affiche-Tomahawk-300x114.jpg 300w, https:\/\/thalienco.com\/wp-content\/uploads\/2015\/06\/Affiche-Tomahawk.jpg 828w\" sizes=\"auto, (max-width: 300px) 100vw, 300px\" \/><\/a><\/p>\n<p>&nbsp;<\/p>\n<p style=\"text-align: center;\">Le Samedi 7 Ao\u00fbt \u00e0 18h au Tomahawk Festival &#8211; Querrien<\/p>\n<p style=\"text-align: left;\"><a href=\"https:\/\/thalienco.com\/wp-content\/uploads\/2018\/09\/Affiche-Festival-Intergalactique.jpg\"><img loading=\"lazy\" decoding=\"async\" class=\" wp-image-1018 size-large alignnone\" src=\"https:\/\/thalienco.com\/wp-content\/uploads\/2018\/09\/Affiche-Festival-Intergalactique-718x1024.jpg\" alt=\"Affiche Festival Intergalactique\" width=\"474\" height=\"676\" srcset=\"https:\/\/thalienco.com\/wp-content\/uploads\/2018\/09\/Affiche-Festival-Intergalactique-718x1024.jpg 718w, https:\/\/thalienco.com\/wp-content\/uploads\/2018\/09\/Affiche-Festival-Intergalactique-210x300.jpg 210w, https:\/\/thalienco.com\/wp-content\/uploads\/2018\/09\/Affiche-Festival-Intergalactique.jpg 1190w\" sizes=\"auto, (max-width: 474px) 100vw, 474px\" \/><\/a><\/p>\n<p>&nbsp;<\/p>\n<figure id=\"attachment_6\" aria-describedby=\"caption-attachment-6\" style=\"width: 958px\" class=\"wp-caption alignnone\"><a href=\"https:\/\/thalienco.com\/wp-content\/uploads\/2015\/05\/Thalie.jpg\"><img loading=\"lazy\" decoding=\"async\" class=\"wp-image-6 size-full\" src=\"https:\/\/thalienco.com\/wp-content\/uploads\/2015\/05\/Thalie.jpg\" alt=\"Thalie N'Co\" width=\"958\" height=\"522\" srcset=\"https:\/\/thalienco.com\/wp-content\/uploads\/2015\/05\/Thalie.jpg 958w, https:\/\/thalienco.com\/wp-content\/uploads\/2015\/05\/Thalie-300x163.jpg 300w\" sizes=\"auto, (max-width: 958px) 100vw, 958px\" \/><\/a><figcaption id=\"caption-attachment-6\" class=\"wp-caption-text\">Thalie N&rsquo;Co<\/figcaption><\/figure>\n<p style=\"text-align: left;\">Il est de ces rendez-vous que seul le destin semble pouvoir organiser&#8230; Celui de ma rencontre avec les chansons de Michel Tonnerre en fait sans nul doute partie ! Lui rendre hommage, c&rsquo;est tout simplement rendre hommage \u00e0 l&rsquo;un des grands po\u00e8tes de la chanson francophone. Le chanter c&rsquo;est comme chanter du Brel, du Brassens ou du Bashung; c&rsquo;est se plonger corps et \u00e2me dans un puits d&rsquo;\u00e9motion, d&rsquo;intelligence et de sensibilit\u00e9 dont le fond n&rsquo;est autre que celui d&rsquo;une po\u00e9sie emprunte de v\u00e9rit\u00e9s&#8230; Interpr\u00e9ter ce r\u00e9pertoire, aussi marin que profond\u00e9ment humain, est un v\u00e9ritable privil\u00e8ge&#8230;<\/p>\n<p style=\"text-align: left;\">Thalie N&rsquo;Co a jou\u00e9 au \u00ab\u00a0Festival du chant de Marin\u00a0\u00bb de Paimpol, au \u00ab\u00a0Grand Festin\u00a0\u00bb de l&rsquo;Ile d&rsquo;Yeu, au \u00ab\u00a0Temps F\u00eate\u00a0\u00bb de Douarnenez et au \u00ab\u00a0Mardi de Concarneau\u00a0\u00bb, pour ne citer que quelques unes de manifestations estivales qui l&rsquo;ont programm\u00e9&#8230; L&rsquo;hommage rendu au Lorientais n&rsquo;a cess\u00e9 de susciter l&rsquo;attention, l&rsquo;enthousiasme et l&rsquo;\u00e9motion du public; le r\u00e9pertoire choisi pour cette occasion lui permettant de retrouver ou de d\u00e9couvrir, certes les monuments incontournables, mais aussi les perles rares et trop souvent m\u00e9connues du po\u00e8te pirate disparu&#8230;.<\/p>\n<p style=\"text-align: left;\"><em>\u00a0<\/em><\/p>\n<div><\/div>\n<div>\n<div tabindex=\"0\"><\/div>\n<div tabindex=\"0\"><\/div>\n<div class=\"nH\">\n<div class=\"nH\">\n<div class=\"nH w-asV aiw\">\n<div class=\"nH oy8Mbf\">\n<div class=\"a3I\"><a id=\":f\" class=\"J-Ke\" href=\"https:\/\/mail.google.com\/mail\/u\/0\/?pli=1#inbox\/14dfd82e90557adf?projector=1\" target=\"_top\">Aller au contenu<\/a><br \/>\n<a id=\":g\" class=\"J-Ke\" href=\"https:\/\/mail.google.com\/mail\/u\/0\/?pli=1#inbox\/14dfd82e90557adf?projector=1\" target=\"_top\">Utiliser Gmail avec un lecteur d&rsquo;\u00e9cran<\/a><\/div>\n<\/div>\n<div class=\"nH oy8Mbf qp\"><\/div>\n<\/div>\n<\/div>\n<\/div>\n<\/div>","protected":false},"excerpt":{"rendered":"<p>Le Gabier Noir Sillon de Talbert Sovereign of the Sea &#8211; Live Paimpol C&rsquo;est la Mer &#8211; Live Paimpol &nbsp; Avec l&rsquo;Equipage Tonnerre le 27 Juillet \u00e0 Audiernes Le Vendredi 2 Ao\u00fbt au Festival de Paimpol -Thalie N&rsquo;Co Sc\u00e8ne Michel Pinc &#8211; 15h Festival La Barre en Port\u00e9e &#8211; Etel &#8211; le 17 Ao\u00fbt\u00a0 \u00e0 &hellip; <a href=\"https:\/\/thalienco.com\/index.php\/hommage-a-michel-tonnerre\/\" class=\"more-link\">Continuer la lecture de <span class=\"screen-reader-text\">Thalie chante  Michel Tonnerre<\/span>  <span class=\"meta-nav\">&rarr;<\/span><\/a><\/p>\n","protected":false},"author":2,"featured_media":1110,"parent":0,"menu_order":0,"comment_status":"closed","ping_status":"closed","template":"","meta":{"footnotes":""},"class_list":["post-37","page","type-page","status-publish","has-post-thumbnail","hentry"],"_links":{"self":[{"href":"https:\/\/thalienco.com\/index.php\/wp-json\/wp\/v2\/pages\/37","targetHints":{"allow":["GET"]}}],"collection":[{"href":"https:\/\/thalienco.com\/index.php\/wp-json\/wp\/v2\/pages"}],"about":[{"href":"https:\/\/thalienco.com\/index.php\/wp-json\/wp\/v2\/types\/page"}],"author":[{"embeddable":true,"href":"https:\/\/thalienco.com\/index.php\/wp-json\/wp\/v2\/users\/2"}],"replies":[{"embeddable":true,"href":"https:\/\/thalienco.com\/index.php\/wp-json\/wp\/v2\/comments?post=37"}],"version-history":[{"count":51,"href":"https:\/\/thalienco.com\/index.php\/wp-json\/wp\/v2\/pages\/37\/revisions"}],"predecessor-version":[{"id":1592,"href":"https:\/\/thalienco.com\/index.php\/wp-json\/wp\/v2\/pages\/37\/revisions\/1592"}],"wp:featuredmedia":[{"embeddable":true,"href":"https:\/\/thalienco.com\/index.php\/wp-json\/wp\/v2\/media\/1110"}],"wp:attachment":[{"href":"https:\/\/thalienco.com\/index.php\/wp-json\/wp\/v2\/media?parent=37"}],"curies":[{"name":"wp","href":"https:\/\/api.w.org\/{rel}","templated":true}]}}