{"id":87,"date":"2015-06-20T07:38:57","date_gmt":"2015-06-20T05:38:57","guid":{"rendered":"http:\/\/thalienco.com\/?page_id=87"},"modified":"2026-01-26T22:03:05","modified_gmt":"2026-01-26T20:03:05","slug":"hommage-a-nathalie-presles","status":"publish","type":"page","link":"https:\/\/thalienco.com\/index.php\/hommage-a-nathalie-presles\/","title":{"rendered":"Thalie Biographie"},"content":{"rendered":"<p style=\"text-align: center;\">Nathalie Presles d\u00e9bute une carri\u00e8re de com\u00e9dienne en 1988 \u00e0 son retour du\u00a0Canada et des Etats-Unis, o\u00f9 elle a v\u00e9cu pendant cinq ans.<\/p>\n<p>Elle interpr\u00e8te alors de nombreux r\u00f4les au th\u00e9\u00e2tre, travaille avec diverses\u00a0compagnies dont \u00ab Le Royal de Luxe \u00bb qui lui confie le r\u00f4le de la pharaonne dans son Peplum , et tourne dans plusieurs films aux c\u00f4t\u00e9s de Guy Marchand, Pierre Mondy, Victor Lanoux,Anthony Delon, Francis Huster et Alain Chabat..<br \/>\nEn 1997 elle s\u2019installe au Br\u00e9sil, \u00e0 son retour en 2000 elle compose ses premi\u00e8res chansons et se produit en duo dans de nombreux bars et salles de spectacle. Elle enregistre un premier album dont elle est l\u2019auteur-compositeur-interpr\u00e8te, remporte le premier prix AOL Radio avec son titre \u00ab Sc\u00e8ne sur Seine \u00bb et tourne en Bretagne o\u00f9 elle choisit de s\u2019installer en 2009. Deux albums du duo \u00ab Thalie &amp; Zahir \u00bb y seront enregistr\u00e9s : \u00ab Rencontre \u00bb et \u00ab Coeur de Breizh \u00bb.<\/p>\n<p>A son r\u00e9pertoire original s\u2019ajoutent naturellement de nombreuses reprises de rock, de blues, de bossa et de chansons fran\u00e7aises dont un hommage \u00e0 Barbara.<\/p>\n<p style=\"text-align: center;\"><a href=\"https:\/\/thalienco.com\/wp-content\/uploads\/2018\/10\/43128007_2176992012371589_716802742890266624_o.jpg\"><img loading=\"lazy\" decoding=\"async\" class=\"alignnone size-medium wp-image-1033\" src=\"https:\/\/thalienco.com\/wp-content\/uploads\/2018\/10\/43128007_2176992012371589_716802742890266624_o-212x300.jpg\" alt=\"43128007_2176992012371589_716802742890266624_o\" width=\"212\" height=\"300\" srcset=\"https:\/\/thalienco.com\/wp-content\/uploads\/2018\/10\/43128007_2176992012371589_716802742890266624_o-212x300.jpg 212w, https:\/\/thalienco.com\/wp-content\/uploads\/2018\/10\/43128007_2176992012371589_716802742890266624_o-724x1024.jpg 724w, https:\/\/thalienco.com\/wp-content\/uploads\/2018\/10\/43128007_2176992012371589_716802742890266624_o.jpg 1240w\" sizes=\"auto, (max-width: 212px) 100vw, 212px\" \/><\/a><\/p>\n<p>A son arriv\u00e9e \u00e0 Lorient ou elle s\u2019installe en septembre 2012 afin d\u2019y suivre une formation \u00a0\u00ab Capitaine 200 \u00bb elle monte un nouveau groupe, \u00ab Thalie N\u2019Co \u00bb et un hommage \u00e0 Michel Tonnerre.<\/p>\n<p>Elle \u00e9cume alors les sc\u00e8nes de Bretagne, de bars en festivals avec ce r\u00e9pertoire, et rejoint l&rsquo;\u00c9quipage Tonnerre, formation des musiciens de Michel, pour une tourn\u00e9e.<\/p>\n<figure id=\"attachment_410\" aria-describedby=\"caption-attachment-410\" style=\"width: 212px\" class=\"wp-caption aligncenter\"><a href=\"https:\/\/thalienco.com\/wp-content\/uploads\/2015\/07\/ker6-e1436795257110.jpg\"><img loading=\"lazy\" decoding=\"async\" class=\"size-medium wp-image-410\" src=\"https:\/\/thalienco.com\/wp-content\/uploads\/2015\/07\/ker6-212x300.jpg\" alt=\"Equipage Tonnerre\" width=\"212\" height=\"300\" \/><\/a><figcaption id=\"caption-attachment-410\" class=\"wp-caption-text\">Equipage Tonnerre<\/figcaption><\/figure>\n<p style=\"text-align: left;\">Sa rencontre en 2020 avec Fran\u00e7ois Verguet, guitariste et arrangeur, sera l&rsquo;opportunit\u00e9 d&rsquo;enregistrer un nouvel album de ses chansons, \u00ab\u00a0TOPAZE\u00a0\u00bb (enregistr\u00e9 et mix\u00e9 par Yves Schommer), qui est sorti en Novembre 2023. Auto-production, Topaze est distribu\u00e9 par le label Arfolk sur internet&#8230;<\/p>\n<p style=\"text-align: center;\"><a href=\"https:\/\/thalienco.com\/wp-content\/uploads\/2015\/06\/Thalie_HD2215_1\u00a9-Eric-Legret-copie.jpg\"><img loading=\"lazy\" decoding=\"async\" class=\"alignnone size-medium wp-image-1240\" src=\"https:\/\/thalienco.com\/wp-content\/uploads\/2015\/06\/Thalie_HD2215_1\u00a9-Eric-Legret-copie-200x300.jpg\" alt=\"Thalie_HD2215_1\u00a9 Eric Legret copie\" width=\"200\" height=\"300\" srcset=\"https:\/\/thalienco.com\/wp-content\/uploads\/2015\/06\/Thalie_HD2215_1\u00a9-Eric-Legret-copie-200x300.jpg 200w, https:\/\/thalienco.com\/wp-content\/uploads\/2015\/06\/Thalie_HD2215_1\u00a9-Eric-Legret-copie-683x1024.jpg 683w\" sizes=\"auto, (max-width: 200px) 100vw, 200px\" \/><\/a><\/p>\n<p>Une premi\u00e8re tourn\u00e9e \u00ab\u00a0Topaze\u00a0\u00bb est organis\u00e9e en 2025 en Bretagne.<\/p>\n<p>En 2026 Thalie tourne avec ses 3 formations pour interpr\u00e9ter live Topaze, Barbara et Michel Tonnerre&#8230;Programmation en cours&#8230;<\/p>\n<table style=\"height: 36px;\" border=\"0\" width=\"474\" cellspacing=\"0\" cellpadding=\"0\" align=\"center\">\n<tbody>\n<tr>\n<td><\/td>\n<td class=\"titre-article\"><\/td>\n<td><\/td>\n<\/tr>\n<\/tbody>\n<\/table>\n<div class=\"corps-article\"><\/div>\n<div class=\"corps-article\">\n<div class=\"corps-article\"><\/div>\n<\/div>\n","protected":false},"excerpt":{"rendered":"<p>Nathalie Presles d\u00e9bute une carri\u00e8re de com\u00e9dienne en 1988 \u00e0 son retour du\u00a0Canada et des Etats-Unis, o\u00f9 elle a v\u00e9cu pendant cinq ans. Elle interpr\u00e8te alors de nombreux r\u00f4les au th\u00e9\u00e2tre, travaille avec diverses\u00a0compagnies dont \u00ab Le Royal de Luxe \u00bb qui lui confie le r\u00f4le de la pharaonne dans son Peplum , et tourne &hellip; <a href=\"https:\/\/thalienco.com\/index.php\/hommage-a-nathalie-presles\/\" class=\"more-link\">Continuer la lecture de <span class=\"screen-reader-text\">Thalie Biographie<\/span>  <span class=\"meta-nav\">&rarr;<\/span><\/a><\/p>\n","protected":false},"author":2,"featured_media":1413,"parent":0,"menu_order":0,"comment_status":"closed","ping_status":"closed","template":"","meta":{"footnotes":""},"class_list":["post-87","page","type-page","status-publish","has-post-thumbnail","hentry"],"_links":{"self":[{"href":"https:\/\/thalienco.com\/index.php\/wp-json\/wp\/v2\/pages\/87","targetHints":{"allow":["GET"]}}],"collection":[{"href":"https:\/\/thalienco.com\/index.php\/wp-json\/wp\/v2\/pages"}],"about":[{"href":"https:\/\/thalienco.com\/index.php\/wp-json\/wp\/v2\/types\/page"}],"author":[{"embeddable":true,"href":"https:\/\/thalienco.com\/index.php\/wp-json\/wp\/v2\/users\/2"}],"replies":[{"embeddable":true,"href":"https:\/\/thalienco.com\/index.php\/wp-json\/wp\/v2\/comments?post=87"}],"version-history":[{"count":29,"href":"https:\/\/thalienco.com\/index.php\/wp-json\/wp\/v2\/pages\/87\/revisions"}],"predecessor-version":[{"id":1597,"href":"https:\/\/thalienco.com\/index.php\/wp-json\/wp\/v2\/pages\/87\/revisions\/1597"}],"wp:featuredmedia":[{"embeddable":true,"href":"https:\/\/thalienco.com\/index.php\/wp-json\/wp\/v2\/media\/1413"}],"wp:attachment":[{"href":"https:\/\/thalienco.com\/index.php\/wp-json\/wp\/v2\/media?parent=87"}],"curies":[{"name":"wp","href":"https:\/\/api.w.org\/{rel}","templated":true}]}}